{"id":5068,"date":"2023-07-13T17:39:37","date_gmt":"2023-07-13T20:39:37","guid":{"rendered":"https:\/\/www.galerialapa.com.br\/?post_type=product&#038;p=5068"},"modified":"2023-07-13T17:43:23","modified_gmt":"2023-07-13T20:43:23","slug":"abajur-cogumelo","status":"publish","type":"product","link":"https:\/\/www.galerialapa.com.br\/en\/vintage\/abajur-cogumelo\/","title":{"rendered":"Abajur Cogumelo"},"content":{"rendered":"","protected":false},"excerpt":{"rendered":"<p><strong>Produto:<\/strong> usado, p<span style=\"color: #444444\">e\u00e7a selecionada e aut\u00eantica.<\/span><\/p>\n<p><strong>Material: <\/strong>metal.<\/p>\n<p><strong>Cor:<\/strong> Laranja escuro.<\/p>\n<p><strong>Autoria: <\/strong>sem identifica\u00e7\u00e3o<\/p>\n<p><strong>Medidas: <\/strong><\/p>\n<p><span style=\"font-size: 14px\">\u00d8: 21,00\u00a0 | (A): 31,00 cm<\/span><\/p>\n<p><span style=\"font-size: 14px\">\u00d8: 08,27\u00a0 | (H): 12,20\u00a0 in<\/span><\/p>\n<p><strong>ATEN\u00c7\u00c3O:\u00a0<\/strong><\/p>\n<p><strong>FRETE N\u00c3O INCLUSO NO VALOR DE VENDA<\/strong><\/p>\n<p>Consulte o valor do frete para a sua cidade<\/p>\n<p>Item com marcas de uso, oxida\u00e7\u00e3o no metal, e pequen\u00edssima \u00e1rea com deformidade, quase impercept\u00edvel.<\/p>","protected":false},"featured_media":5069,"template":"","meta":{"site-sidebar-layout":"no-sidebar","site-content-layout":"plain-container","ast-site-content-layout":"default","site-content-style":"default","site-sidebar-style":"default","ast-global-header-display":"","ast-banner-title-visibility":"","ast-main-header-display":"","ast-hfb-above-header-display":"","ast-hfb-below-header-display":"","ast-hfb-mobile-header-display":"","site-post-title":"","ast-breadcrumbs-content":"","ast-featured-img":"","footer-sml-layout":"","ast-disable-related-posts":"","theme-transparent-header-meta":"default","adv-header-id-meta":"","stick-header-meta":"","header-above-stick-meta":"","header-main-stick-meta":"","header-below-stick-meta":"","astra-migrate-meta-layouts":"default","ast-page-background-enabled":"default","ast-page-background-meta":{"desktop":{"background-color":"","background-image":"","background-repeat":"repeat","background-position":"center center","background-size":"auto","background-attachment":"scroll","background-type":"","background-media":"","overlay-type":"","overlay-color":"","overlay-opacity":"","overlay-gradient":""},"tablet":{"background-color":"","background-image":"","background-repeat":"repeat","background-position":"center center","background-size":"auto","background-attachment":"scroll","background-type":"","background-media":"","overlay-type":"","overlay-color":"","overlay-opacity":"","overlay-gradient":""},"mobile":{"background-color":"","background-image":"","background-repeat":"repeat","background-position":"center center","background-size":"auto","background-attachment":"scroll","background-type":"","background-media":"","overlay-type":"","overlay-color":"","overlay-opacity":"","overlay-gradient":""}},"ast-content-background-meta":{"desktop":{"background-color":"var(--ast-global-color-5)","background-image":"","background-repeat":"repeat","background-position":"center center","background-size":"auto","background-attachment":"scroll","background-type":"","background-media":"","overlay-type":"","overlay-color":"","overlay-opacity":"","overlay-gradient":""},"tablet":{"background-color":"var(--ast-global-color-5)","background-image":"","background-repeat":"repeat","background-position":"center center","background-size":"auto","background-attachment":"scroll","background-type":"","background-media":"","overlay-type":"","overlay-color":"","overlay-opacity":"","overlay-gradient":""},"mobile":{"background-color":"var(--ast-global-color-5)","background-image":"","background-repeat":"repeat","background-position":"center center","background-size":"auto","background-attachment":"scroll","background-type":"","background-media":"","overlay-type":"","overlay-color":"","overlay-opacity":"","overlay-gradient":""}}},"product_brand":[],"product_cat":[31,74],"product_tag":[],"class_list":{"0":"post-5068","1":"product","2":"type-product","3":"status-publish","4":"has-post-thumbnail","6":"product_cat-outros","7":"product_cat-vintage","8":"desktop-align-left","9":"tablet-align-left","10":"mobile-align-left","12":"first","13":"instock","14":"sold-individually","15":"taxable","16":"shipping-taxable","17":"purchasable","18":"product-type-simple"},"_links":{"self":[{"href":"https:\/\/www.galerialapa.com.br\/en\/wp-json\/wp\/v2\/product\/5068","targetHints":{"allow":["GET"]}}],"collection":[{"href":"https:\/\/www.galerialapa.com.br\/en\/wp-json\/wp\/v2\/product"}],"about":[{"href":"https:\/\/www.galerialapa.com.br\/en\/wp-json\/wp\/v2\/types\/product"}],"version-history":[{"count":5,"href":"https:\/\/www.galerialapa.com.br\/en\/wp-json\/wp\/v2\/product\/5068\/revisions"}],"predecessor-version":[{"id":5075,"href":"https:\/\/www.galerialapa.com.br\/en\/wp-json\/wp\/v2\/product\/5068\/revisions\/5075"}],"wp:featuredmedia":[{"embeddable":true,"href":"https:\/\/www.galerialapa.com.br\/en\/wp-json\/wp\/v2\/media\/5069"}],"wp:attachment":[{"href":"https:\/\/www.galerialapa.com.br\/en\/wp-json\/wp\/v2\/media?parent=5068"}],"wp:term":[{"taxonomy":"product_brand","embeddable":true,"href":"https:\/\/www.galerialapa.com.br\/en\/wp-json\/wp\/v2\/product_brand?post=5068"},{"taxonomy":"product_cat","embeddable":true,"href":"https:\/\/www.galerialapa.com.br\/en\/wp-json\/wp\/v2\/product_cat?post=5068"},{"taxonomy":"product_tag","embeddable":true,"href":"https:\/\/www.galerialapa.com.br\/en\/wp-json\/wp\/v2\/product_tag?post=5068"}],"curies":[{"name":"wp","href":"https:\/\/api.w.org\/{rel}","templated":true}]}}