{"id":5025,"date":"2023-07-13T09:16:26","date_gmt":"2023-07-13T12:16:26","guid":{"rendered":"https:\/\/www.galerialapa.com.br\/?post_type=product&#038;p=5025"},"modified":"2023-07-13T14:54:51","modified_gmt":"2023-07-13T17:54:51","slug":"poltrona-teperman","status":"publish","type":"product","link":"https:\/\/www.galerialapa.com.br\/en\/vintage\/poltrona-teperman\/","title":{"rendered":"Poltrona Teperman"},"content":{"rendered":"","protected":false},"excerpt":{"rendered":"<p><strong>Produto:<\/strong> usado, p<span style=\"color: #444444\">e\u00e7a selecionada e aut\u00eantica.<\/span><\/p>\n<p><strong>Material: <\/strong>madeira jacarand\u00e1 com acabamento em verniz brilhante.\u00a0<span style=\"color: #444444\"> Antes de efetuar a compra solicite consulta pr\u00e9via para altera\u00e7\u00f5es no acabamento (lustra\u00e7\u00e3o e troca de tape\u00e7aria).<\/span><\/p>\n<p><strong>Autoria: <\/strong>M\u00f3veis Teperman<\/p>\n<p><strong>Medidas: <\/strong><\/p>\n<p><span style=\"font-size: 15px\">(C): 62,50\u00a0 \u00a0|\u00a0 \u00a0(L): 58,50\u00a0 |\u00a0 \u00a0(A): 73,00 cm<\/span><\/p>\n<p><span style=\"font-size: 15px\">(L): 24,60\u00a0 |\u00a0 \u00a0(W): 23,03 |\u00a0 \u00a0(H): 28,74\u00a0 in<\/span><\/p>\n<p><strong>ATEN\u00c7\u00c3O:\u00a0<\/strong><\/p>\n<p><strong>FRETE N\u00c3O INCLUSO NO VALOR DE VENDA<\/strong><\/p>\n<p>Consulte o valor do frete para a sua cidade<\/p>","protected":false},"featured_media":5047,"template":"","meta":{"site-sidebar-layout":"no-sidebar","site-content-layout":"plain-container","ast-site-content-layout":"default","site-content-style":"default","site-sidebar-style":"default","ast-global-header-display":"","ast-banner-title-visibility":"","ast-main-header-display":"","ast-hfb-above-header-display":"","ast-hfb-below-header-display":"","ast-hfb-mobile-header-display":"","site-post-title":"","ast-breadcrumbs-content":"","ast-featured-img":"","footer-sml-layout":"","ast-disable-related-posts":"","theme-transparent-header-meta":"default","adv-header-id-meta":"","stick-header-meta":"","header-above-stick-meta":"","header-main-stick-meta":"","header-below-stick-meta":"","astra-migrate-meta-layouts":"default","ast-page-background-enabled":"default","ast-page-background-meta":{"desktop":{"background-color":"","background-image":"","background-repeat":"repeat","background-position":"center center","background-size":"auto","background-attachment":"scroll","background-type":"","background-media":"","overlay-type":"","overlay-color":"","overlay-opacity":"","overlay-gradient":""},"tablet":{"background-color":"","background-image":"","background-repeat":"repeat","background-position":"center center","background-size":"auto","background-attachment":"scroll","background-type":"","background-media":"","overlay-type":"","overlay-color":"","overlay-opacity":"","overlay-gradient":""},"mobile":{"background-color":"","background-image":"","background-repeat":"repeat","background-position":"center center","background-size":"auto","background-attachment":"scroll","background-type":"","background-media":"","overlay-type":"","overlay-color":"","overlay-opacity":"","overlay-gradient":""}},"ast-content-background-meta":{"desktop":{"background-color":"var(--ast-global-color-5)","background-image":"","background-repeat":"repeat","background-position":"center center","background-size":"auto","background-attachment":"scroll","background-type":"","background-media":"","overlay-type":"","overlay-color":"","overlay-opacity":"","overlay-gradient":""},"tablet":{"background-color":"var(--ast-global-color-5)","background-image":"","background-repeat":"repeat","background-position":"center center","background-size":"auto","background-attachment":"scroll","background-type":"","background-media":"","overlay-type":"","overlay-color":"","overlay-opacity":"","overlay-gradient":""},"mobile":{"background-color":"var(--ast-global-color-5)","background-image":"","background-repeat":"repeat","background-position":"center center","background-size":"auto","background-attachment":"scroll","background-type":"","background-media":"","overlay-type":"","overlay-color":"","overlay-opacity":"","overlay-gradient":""}}},"product_brand":[],"product_cat":[24,74],"product_tag":[],"class_list":{"0":"post-5025","1":"product","2":"type-product","3":"status-publish","4":"has-post-thumbnail","6":"product_cat-poltronas","7":"product_cat-vintage","8":"desktop-align-left","9":"tablet-align-left","10":"mobile-align-left","12":"first","13":"instock","14":"sold-individually","15":"taxable","16":"shipping-taxable","17":"purchasable","18":"product-type-simple"},"_links":{"self":[{"href":"https:\/\/www.galerialapa.com.br\/en\/wp-json\/wp\/v2\/product\/5025","targetHints":{"allow":["GET"]}}],"collection":[{"href":"https:\/\/www.galerialapa.com.br\/en\/wp-json\/wp\/v2\/product"}],"about":[{"href":"https:\/\/www.galerialapa.com.br\/en\/wp-json\/wp\/v2\/types\/product"}],"version-history":[{"count":5,"href":"https:\/\/www.galerialapa.com.br\/en\/wp-json\/wp\/v2\/product\/5025\/revisions"}],"predecessor-version":[{"id":5059,"href":"https:\/\/www.galerialapa.com.br\/en\/wp-json\/wp\/v2\/product\/5025\/revisions\/5059"}],"wp:featuredmedia":[{"embeddable":true,"href":"https:\/\/www.galerialapa.com.br\/en\/wp-json\/wp\/v2\/media\/5047"}],"wp:attachment":[{"href":"https:\/\/www.galerialapa.com.br\/en\/wp-json\/wp\/v2\/media?parent=5025"}],"wp:term":[{"taxonomy":"product_brand","embeddable":true,"href":"https:\/\/www.galerialapa.com.br\/en\/wp-json\/wp\/v2\/product_brand?post=5025"},{"taxonomy":"product_cat","embeddable":true,"href":"https:\/\/www.galerialapa.com.br\/en\/wp-json\/wp\/v2\/product_cat?post=5025"},{"taxonomy":"product_tag","embeddable":true,"href":"https:\/\/www.galerialapa.com.br\/en\/wp-json\/wp\/v2\/product_tag?post=5025"}],"curies":[{"name":"wp","href":"https:\/\/api.w.org\/{rel}","templated":true}]}}