{"id":4988,"date":"2023-07-04T14:11:39","date_gmt":"2023-07-04T17:11:39","guid":{"rendered":"https:\/\/www.galerialapa.com.br\/?post_type=product&#038;p=4988"},"modified":"2023-07-11T19:25:15","modified_gmt":"2023-07-11T22:25:15","slug":"colecao-semente","status":"publish","type":"product","link":"https:\/\/www.galerialapa.com.br\/en\/objetos-idea\/colecao-semente\/","title":{"rendered":"Cole\u00e7\u00e3o Semente"},"content":{"rendered":"","protected":false},"excerpt":{"rendered":"<p>Cole\u00e7\u00e3o Semente,\u00a0 inspirada na lentilha, foi produzida com a utiliza\u00e7\u00e3o sustent\u00e1vel de madeira proveniente\u00a0 de mobili\u00e1rio de \u00e9poca.\u00a0 \u00a0Pre\u00e7o anunciado pelo conjunto.<\/p>\n<p><strong>Produto:<\/strong> NOVO<\/p>\n<p>Autoria: iDea!<\/p>\n<p><strong>Material: <\/strong>madeira imbuia<\/p>\n<p><strong>Medidas: <\/strong><\/p>\n<p>\u00d8 5,5 x\u00a0 (A) 11,00 cm &#8211; menor<\/p>\n<p>\u00d8 5,5 x\u00a0 (A) 16,50 cm &#8211; maior<\/p>\n<p><strong>Measures:<\/strong><\/p>\n<p>\u00d8 2,16 x (H) 4,33 in<\/p>\n<p>\u00d8 2,16 x (H) 6,50 in<\/p>\n<p><strong>Condi\u00e7\u00e3o:<\/strong> acabamento em cera natural<\/p>\n<p><strong>ATEN\u00c7\u00c3O:\u00a0<\/strong><\/p>\n<p><strong>FRETE N\u00c3O INCLUSO NO VALOR DE VENDA<\/strong><\/p>\n<p>Consulte o valor do frete para a sua cidade<\/p>\n<p>&nbsp;<\/p>","protected":false},"featured_media":4994,"template":"","meta":{"site-sidebar-layout":"no-sidebar","site-content-layout":"plain-container","ast-site-content-layout":"default","site-content-style":"default","site-sidebar-style":"default","ast-global-header-display":"","ast-banner-title-visibility":"","ast-main-header-display":"","ast-hfb-above-header-display":"","ast-hfb-below-header-display":"","ast-hfb-mobile-header-display":"","site-post-title":"","ast-breadcrumbs-content":"","ast-featured-img":"","footer-sml-layout":"","ast-disable-related-posts":"","theme-transparent-header-meta":"default","adv-header-id-meta":"","stick-header-meta":"","header-above-stick-meta":"","header-main-stick-meta":"","header-below-stick-meta":"","astra-migrate-meta-layouts":"default","ast-page-background-enabled":"default","ast-page-background-meta":{"desktop":{"background-color":"","background-image":"","background-repeat":"repeat","background-position":"center center","background-size":"auto","background-attachment":"scroll","background-type":"","background-media":"","overlay-type":"","overlay-color":"","overlay-opacity":"","overlay-gradient":""},"tablet":{"background-color":"","background-image":"","background-repeat":"repeat","background-position":"center center","background-size":"auto","background-attachment":"scroll","background-type":"","background-media":"","overlay-type":"","overlay-color":"","overlay-opacity":"","overlay-gradient":""},"mobile":{"background-color":"","background-image":"","background-repeat":"repeat","background-position":"center center","background-size":"auto","background-attachment":"scroll","background-type":"","background-media":"","overlay-type":"","overlay-color":"","overlay-opacity":"","overlay-gradient":""}},"ast-content-background-meta":{"desktop":{"background-color":"var(--ast-global-color-5)","background-image":"","background-repeat":"repeat","background-position":"center center","background-size":"auto","background-attachment":"scroll","background-type":"","background-media":"","overlay-type":"","overlay-color":"","overlay-opacity":"","overlay-gradient":""},"tablet":{"background-color":"var(--ast-global-color-5)","background-image":"","background-repeat":"repeat","background-position":"center center","background-size":"auto","background-attachment":"scroll","background-type":"","background-media":"","overlay-type":"","overlay-color":"","overlay-opacity":"","overlay-gradient":""},"mobile":{"background-color":"var(--ast-global-color-5)","background-image":"","background-repeat":"repeat","background-position":"center center","background-size":"auto","background-attachment":"scroll","background-type":"","background-media":"","overlay-type":"","overlay-color":"","overlay-opacity":"","overlay-gradient":""}}},"product_brand":[],"product_cat":[65,78],"product_tag":[],"class_list":{"0":"post-4988","1":"product","2":"type-product","3":"status-publish","4":"has-post-thumbnail","6":"product_cat-idea","7":"product_cat-objetos-idea","8":"desktop-align-left","9":"tablet-align-left","10":"mobile-align-left","12":"first","13":"instock","14":"sold-individually","15":"taxable","16":"shipping-taxable","17":"purchasable","18":"product-type-simple"},"_links":{"self":[{"href":"https:\/\/www.galerialapa.com.br\/en\/wp-json\/wp\/v2\/product\/4988","targetHints":{"allow":["GET"]}}],"collection":[{"href":"https:\/\/www.galerialapa.com.br\/en\/wp-json\/wp\/v2\/product"}],"about":[{"href":"https:\/\/www.galerialapa.com.br\/en\/wp-json\/wp\/v2\/types\/product"}],"version-history":[{"count":4,"href":"https:\/\/www.galerialapa.com.br\/en\/wp-json\/wp\/v2\/product\/4988\/revisions"}],"predecessor-version":[{"id":5037,"href":"https:\/\/www.galerialapa.com.br\/en\/wp-json\/wp\/v2\/product\/4988\/revisions\/5037"}],"wp:featuredmedia":[{"embeddable":true,"href":"https:\/\/www.galerialapa.com.br\/en\/wp-json\/wp\/v2\/media\/4994"}],"wp:attachment":[{"href":"https:\/\/www.galerialapa.com.br\/en\/wp-json\/wp\/v2\/media?parent=4988"}],"wp:term":[{"taxonomy":"product_brand","embeddable":true,"href":"https:\/\/www.galerialapa.com.br\/en\/wp-json\/wp\/v2\/product_brand?post=4988"},{"taxonomy":"product_cat","embeddable":true,"href":"https:\/\/www.galerialapa.com.br\/en\/wp-json\/wp\/v2\/product_cat?post=4988"},{"taxonomy":"product_tag","embeddable":true,"href":"https:\/\/www.galerialapa.com.br\/en\/wp-json\/wp\/v2\/product_tag?post=4988"}],"curies":[{"name":"wp","href":"https:\/\/api.w.org\/{rel}","templated":true}]}}