{"id":4953,"date":"2023-07-03T19:55:07","date_gmt":"2023-07-03T22:55:07","guid":{"rendered":"https:\/\/www.galerialapa.com.br\/?post_type=product&#038;p=4953"},"modified":"2024-10-28T20:44:25","modified_gmt":"2024-10-28T23:44:25","slug":"colecao-moai","status":"publish","type":"product","link":"https:\/\/www.galerialapa.com.br\/en\/idea\/colecao-moai\/","title":{"rendered":"Cole\u00e7\u00e3o Moai"},"content":{"rendered":"","protected":false},"excerpt":{"rendered":"<p>Cole\u00e7\u00e3o Moai,\u00a0 inspirada nas estatuas Moai da Ilha de P\u00e1scoa, foi produzida com a utiliza\u00e7\u00e3o sustent\u00e1vel de madeira proveniente\u00a0 de mobili\u00e1rio de \u00e9poca.\u00a0 \u00a0Pre\u00e7o anunciado pelo conjunto.<\/p>\n<p><strong>Produto:<\/strong> NOVO<\/p>\n<p><strong>Material: <\/strong>madeira imbuia<\/p>\n<p><strong>Medidas: <\/strong><\/p>\n<p><span style=\"font-size: 14px\">\u00d8\u00a0 \u00a05,5 |\u00a0 (A):16,50 cm<\/span><\/p>\n<p><span style=\"font-size: 14px\">\u00d8\u00a0 \u00a05,5 |\u00a0 (A):21,00 cm<\/span><\/p>\n<p><span style=\"font-size: 14px\">\u00d8\u00a0 5,5 |\u00a0 (A): 25,80 cm<\/span><\/p>\n<p><span style=\"font-size: 14px\"><strong>Measures:<\/strong><\/span><\/p>\n<p><span style=\"font-size: 14px\">\u00d8\u00a0 2,16 |\u00a0 (H): 06,50 in<\/span><\/p>\n<p><span style=\"font-size: 14px\"> \u00d8 \u00a02,16 |\u00a0 (H): 08,27 in<\/span><\/p>\n<p><span style=\"font-size: 14px\">\u00d8\u00a0 2,16 |\u00a0 (H): 10,16 in<\/span><\/p>\n<p><strong>Condi\u00e7\u00e3o:<\/strong> acabamento em cera natural<\/p>\n<p>&nbsp;<\/p>\n<p><strong>ATEN\u00c7\u00c3O:\u00a0<\/strong><\/p>\n<p><strong>FRETE N\u00c3O INCLUSO NO VALOR DE VENDA<\/strong><\/p>\n<p>Consulte o valor do frete para a sua cidade<\/p>","protected":false},"featured_media":4954,"template":"","meta":{"site-sidebar-layout":"no-sidebar","site-content-layout":"plain-container","ast-site-content-layout":"normal-width-container","site-content-style":"unboxed","site-sidebar-style":"unboxed","ast-global-header-display":"","ast-banner-title-visibility":"","ast-main-header-display":"","ast-hfb-above-header-display":"","ast-hfb-below-header-display":"","ast-hfb-mobile-header-display":"","site-post-title":"","ast-breadcrumbs-content":"","ast-featured-img":"","footer-sml-layout":"","ast-disable-related-posts":"","theme-transparent-header-meta":"default","adv-header-id-meta":"","stick-header-meta":"","header-above-stick-meta":"","header-main-stick-meta":"","header-below-stick-meta":"","astra-migrate-meta-layouts":"set","ast-page-background-enabled":"default","ast-page-background-meta":{"desktop":{"background-color":"","background-image":"","background-repeat":"repeat","background-position":"center center","background-size":"auto","background-attachment":"scroll","background-type":"","background-media":"","overlay-type":"","overlay-color":"","overlay-opacity":"","overlay-gradient":""},"tablet":{"background-color":"","background-image":"","background-repeat":"repeat","background-position":"center center","background-size":"auto","background-attachment":"scroll","background-type":"","background-media":"","overlay-type":"","overlay-color":"","overlay-opacity":"","overlay-gradient":""},"mobile":{"background-color":"","background-image":"","background-repeat":"repeat","background-position":"center center","background-size":"auto","background-attachment":"scroll","background-type":"","background-media":"","overlay-type":"","overlay-color":"","overlay-opacity":"","overlay-gradient":""}},"ast-content-background-meta":{"desktop":{"background-color":"var(--ast-global-color-5)","background-image":"","background-repeat":"repeat","background-position":"center center","background-size":"auto","background-attachment":"scroll","background-type":"","background-media":"","overlay-type":"","overlay-color":"","overlay-opacity":"","overlay-gradient":""},"tablet":{"background-color":"var(--ast-global-color-5)","background-image":"","background-repeat":"repeat","background-position":"center center","background-size":"auto","background-attachment":"scroll","background-type":"","background-media":"","overlay-type":"","overlay-color":"","overlay-opacity":"","overlay-gradient":""},"mobile":{"background-color":"var(--ast-global-color-5)","background-image":"","background-repeat":"repeat","background-position":"center center","background-size":"auto","background-attachment":"scroll","background-type":"","background-media":"","overlay-type":"","overlay-color":"","overlay-opacity":"","overlay-gradient":""}}},"product_brand":[],"product_cat":[65,53],"product_tag":[],"class_list":{"0":"post-4953","1":"product","2":"type-product","3":"status-publish","4":"has-post-thumbnail","6":"product_cat-idea","7":"product_cat-objetos","8":"desktop-align-left","9":"tablet-align-left","10":"mobile-align-left","12":"first","13":"instock","14":"sold-individually","15":"taxable","16":"shipping-taxable","17":"purchasable","18":"product-type-simple"},"_links":{"self":[{"href":"https:\/\/www.galerialapa.com.br\/en\/wp-json\/wp\/v2\/product\/4953","targetHints":{"allow":["GET"]}}],"collection":[{"href":"https:\/\/www.galerialapa.com.br\/en\/wp-json\/wp\/v2\/product"}],"about":[{"href":"https:\/\/www.galerialapa.com.br\/en\/wp-json\/wp\/v2\/types\/product"}],"version-history":[{"count":10,"href":"https:\/\/www.galerialapa.com.br\/en\/wp-json\/wp\/v2\/product\/4953\/revisions"}],"predecessor-version":[{"id":5039,"href":"https:\/\/www.galerialapa.com.br\/en\/wp-json\/wp\/v2\/product\/4953\/revisions\/5039"}],"wp:featuredmedia":[{"embeddable":true,"href":"https:\/\/www.galerialapa.com.br\/en\/wp-json\/wp\/v2\/media\/4954"}],"wp:attachment":[{"href":"https:\/\/www.galerialapa.com.br\/en\/wp-json\/wp\/v2\/media?parent=4953"}],"wp:term":[{"taxonomy":"product_brand","embeddable":true,"href":"https:\/\/www.galerialapa.com.br\/en\/wp-json\/wp\/v2\/product_brand?post=4953"},{"taxonomy":"product_cat","embeddable":true,"href":"https:\/\/www.galerialapa.com.br\/en\/wp-json\/wp\/v2\/product_cat?post=4953"},{"taxonomy":"product_tag","embeddable":true,"href":"https:\/\/www.galerialapa.com.br\/en\/wp-json\/wp\/v2\/product_tag?post=4953"}],"curies":[{"name":"wp","href":"https:\/\/api.w.org\/{rel}","templated":true}]}}