{"id":4852,"date":"2023-05-30T21:53:04","date_gmt":"2023-05-31T00:53:04","guid":{"rendered":"https:\/\/www.galerialapa.com.br\/?post_type=product&#038;p=4852"},"modified":"2023-07-04T09:08:48","modified_gmt":"2023-07-04T12:08:48","slug":"banco-cabideiro-tereru-serie-358","status":"publish","type":"product","link":"https:\/\/www.galerialapa.com.br\/en\/outros-idea\/banco-cabideiro-tereru-serie-358\/","title":{"rendered":"Banco Cabideiro Tereru s\u00e9rie  358"},"content":{"rendered":"","protected":false},"excerpt":{"rendered":"<p>BANCO CABIDEIRO TERERU S\u00c9RIE 358 (pe\u00e7a \u00fanica)<\/p>\n<p>Medidas: L 85 &#8211; P 34cm\u00a0 &#8211; A<span style=\"font-size: 20px\">\u00a0164cm\u00a0<\/span><\/p>\n<p>peso &#8211; 25kg<\/p>\n<p><strong>***** Solicite or\u00e7amento para envio da mercadoria<\/strong><\/p>","protected":false},"featured_media":4854,"template":"","meta":{"site-sidebar-layout":"no-sidebar","site-content-layout":"plain-container","ast-site-content-layout":"default","site-content-style":"default","site-sidebar-style":"default","ast-global-header-display":"","ast-banner-title-visibility":"","ast-main-header-display":"","ast-hfb-above-header-display":"","ast-hfb-below-header-display":"","ast-hfb-mobile-header-display":"","site-post-title":"","ast-breadcrumbs-content":"","ast-featured-img":"","footer-sml-layout":"","ast-disable-related-posts":"","theme-transparent-header-meta":"default","adv-header-id-meta":"","stick-header-meta":"","header-above-stick-meta":"","header-main-stick-meta":"","header-below-stick-meta":"","astra-migrate-meta-layouts":"default","ast-page-background-enabled":"default","ast-page-background-meta":{"desktop":{"background-color":"","background-image":"","background-repeat":"repeat","background-position":"center center","background-size":"auto","background-attachment":"scroll","background-type":"","background-media":"","overlay-type":"","overlay-color":"","overlay-opacity":"","overlay-gradient":""},"tablet":{"background-color":"","background-image":"","background-repeat":"repeat","background-position":"center center","background-size":"auto","background-attachment":"scroll","background-type":"","background-media":"","overlay-type":"","overlay-color":"","overlay-opacity":"","overlay-gradient":""},"mobile":{"background-color":"","background-image":"","background-repeat":"repeat","background-position":"center center","background-size":"auto","background-attachment":"scroll","background-type":"","background-media":"","overlay-type":"","overlay-color":"","overlay-opacity":"","overlay-gradient":""}},"ast-content-background-meta":{"desktop":{"background-color":"var(--ast-global-color-5)","background-image":"","background-repeat":"repeat","background-position":"center center","background-size":"auto","background-attachment":"scroll","background-type":"","background-media":"","overlay-type":"","overlay-color":"","overlay-opacity":"","overlay-gradient":""},"tablet":{"background-color":"var(--ast-global-color-5)","background-image":"","background-repeat":"repeat","background-position":"center center","background-size":"auto","background-attachment":"scroll","background-type":"","background-media":"","overlay-type":"","overlay-color":"","overlay-opacity":"","overlay-gradient":""},"mobile":{"background-color":"var(--ast-global-color-5)","background-image":"","background-repeat":"repeat","background-position":"center center","background-size":"auto","background-attachment":"scroll","background-type":"","background-media":"","overlay-type":"","overlay-color":"","overlay-opacity":"","overlay-gradient":""}}},"product_brand":[],"product_cat":[65,80],"product_tag":[83],"class_list":{"0":"post-4852","1":"product","2":"type-product","3":"status-publish","4":"has-post-thumbnail","6":"product_cat-idea","7":"product_cat-outros-idea","8":"product_tag-ideia","9":"desktop-align-left","10":"tablet-align-left","11":"mobile-align-left","13":"first","14":"instock","15":"sold-individually","16":"taxable","17":"shipping-taxable","18":"purchasable","19":"product-type-simple"},"_links":{"self":[{"href":"https:\/\/www.galerialapa.com.br\/en\/wp-json\/wp\/v2\/product\/4852","targetHints":{"allow":["GET"]}}],"collection":[{"href":"https:\/\/www.galerialapa.com.br\/en\/wp-json\/wp\/v2\/product"}],"about":[{"href":"https:\/\/www.galerialapa.com.br\/en\/wp-json\/wp\/v2\/types\/product"}],"version-history":[{"count":5,"href":"https:\/\/www.galerialapa.com.br\/en\/wp-json\/wp\/v2\/product\/4852\/revisions"}],"predecessor-version":[{"id":4945,"href":"https:\/\/www.galerialapa.com.br\/en\/wp-json\/wp\/v2\/product\/4852\/revisions\/4945"}],"wp:featuredmedia":[{"embeddable":true,"href":"https:\/\/www.galerialapa.com.br\/en\/wp-json\/wp\/v2\/media\/4854"}],"wp:attachment":[{"href":"https:\/\/www.galerialapa.com.br\/en\/wp-json\/wp\/v2\/media?parent=4852"}],"wp:term":[{"taxonomy":"product_brand","embeddable":true,"href":"https:\/\/www.galerialapa.com.br\/en\/wp-json\/wp\/v2\/product_brand?post=4852"},{"taxonomy":"product_cat","embeddable":true,"href":"https:\/\/www.galerialapa.com.br\/en\/wp-json\/wp\/v2\/product_cat?post=4852"},{"taxonomy":"product_tag","embeddable":true,"href":"https:\/\/www.galerialapa.com.br\/en\/wp-json\/wp\/v2\/product_tag?post=4852"}],"curies":[{"name":"wp","href":"https:\/\/api.w.org\/{rel}","templated":true}]}}