{"id":2156,"date":"2020-12-17T09:05:54","date_gmt":"2020-12-17T12:05:54","guid":{"rendered":"https:\/\/www.galerialapa.com.br\/?post_type=product&#038;p=2156"},"modified":"2023-06-21T08:46:46","modified_gmt":"2023-06-21T11:46:46","slug":"carrinho-de-apoio-2","status":"publish","type":"product","link":"https:\/\/www.galerialapa.com.br\/en\/vintage\/carrinho-de-apoio-2\/","title":{"rendered":"Carrinho de apoio"},"content":{"rendered":"","protected":false},"excerpt":{"rendered":"<p><strong>Produto:<\/strong> Vintage. Estrutura em madeira revestida por folhas de jacaranda unidas por seguimentos maci\u00e7os de madeira. Compondo o conjunto, o lat\u00e3o contrasta com o jacarand\u00e1 dando brilho e harmonia nesse carrinho de apoio t\u00e3o lindo e raro.<\/p>\n<p><strong>Material: <\/strong>madeira curvada revestida por folhas de jacarand\u00e1, lat\u00e3o<\/p>\n<p><strong>Autoria: <\/strong>desconhecido- fabrica\u00e7\u00e3o circa 1960<\/p>\n<p><strong>Medidas: <\/strong><\/p>\n<p>(P): 47,00\u00a0 \u00a0 |\u00a0 \u00a0(L): 90,00\u00a0 \u00a0 |\u00a0 \u00a0(A): 68,00\u00a0 \u00a0 \u00a0 cm<\/p>\n<p>(D): 18,50\u00a0 \u00a0|\u00a0 \u00a0(W): 31,48\u00a0 \u00a0 |\u00a0 \u00a0(H): 26,77\u00a0 \u00a0 \u00a0 \u00a0in<\/p>\n<p><strong>Condi\u00e7\u00e3o:<\/strong>\u00a0 em boas condi\u00e7\u00f5es, apresenta em algumas \u00e1reas \u00e9 poss\u00edvel identificar restauro de parte do folhamento na parte inferior. Com marcas de tempo e uso.<\/p>\n<p>&nbsp;<\/p>","protected":false},"featured_media":2158,"template":"","meta":{"site-sidebar-layout":"no-sidebar","site-content-layout":"plain-container","ast-site-content-layout":"default","site-content-style":"default","site-sidebar-style":"default","ast-global-header-display":"","ast-banner-title-visibility":"","ast-main-header-display":"","ast-hfb-above-header-display":"","ast-hfb-below-header-display":"","ast-hfb-mobile-header-display":"","site-post-title":"","ast-breadcrumbs-content":"","ast-featured-img":"","footer-sml-layout":"","ast-disable-related-posts":"","theme-transparent-header-meta":"default","adv-header-id-meta":"","stick-header-meta":"","header-above-stick-meta":"","header-main-stick-meta":"","header-below-stick-meta":"","astra-migrate-meta-layouts":"default","ast-page-background-enabled":"default","ast-page-background-meta":{"desktop":{"background-color":"","background-image":"","background-repeat":"repeat","background-position":"center center","background-size":"auto","background-attachment":"scroll","background-type":"","background-media":"","overlay-type":"","overlay-color":"","overlay-opacity":"","overlay-gradient":""},"tablet":{"background-color":"","background-image":"","background-repeat":"repeat","background-position":"center center","background-size":"auto","background-attachment":"scroll","background-type":"","background-media":"","overlay-type":"","overlay-color":"","overlay-opacity":"","overlay-gradient":""},"mobile":{"background-color":"","background-image":"","background-repeat":"repeat","background-position":"center center","background-size":"auto","background-attachment":"scroll","background-type":"","background-media":"","overlay-type":"","overlay-color":"","overlay-opacity":"","overlay-gradient":""}},"ast-content-background-meta":{"desktop":{"background-color":"var(--ast-global-color-5)","background-image":"","background-repeat":"repeat","background-position":"center center","background-size":"auto","background-attachment":"scroll","background-type":"","background-media":"","overlay-type":"","overlay-color":"","overlay-opacity":"","overlay-gradient":""},"tablet":{"background-color":"var(--ast-global-color-5)","background-image":"","background-repeat":"repeat","background-position":"center center","background-size":"auto","background-attachment":"scroll","background-type":"","background-media":"","overlay-type":"","overlay-color":"","overlay-opacity":"","overlay-gradient":""},"mobile":{"background-color":"var(--ast-global-color-5)","background-image":"","background-repeat":"repeat","background-position":"center center","background-size":"auto","background-attachment":"scroll","background-type":"","background-media":"","overlay-type":"","overlay-color":"","overlay-opacity":"","overlay-gradient":""}}},"product_brand":[],"product_cat":[69,31,74],"product_tag":[],"class_list":{"0":"post-2156","1":"product","2":"type-product","3":"status-publish","4":"has-post-thumbnail","6":"product_cat-moveis","7":"product_cat-outros","8":"product_cat-vintage","9":"desktop-align-left","10":"tablet-align-left","11":"mobile-align-left","13":"first","14":"instock","15":"taxable","16":"shipping-taxable","17":"product-type-simple"},"_links":{"self":[{"href":"https:\/\/www.galerialapa.com.br\/en\/wp-json\/wp\/v2\/product\/2156","targetHints":{"allow":["GET"]}}],"collection":[{"href":"https:\/\/www.galerialapa.com.br\/en\/wp-json\/wp\/v2\/product"}],"about":[{"href":"https:\/\/www.galerialapa.com.br\/en\/wp-json\/wp\/v2\/types\/product"}],"version-history":[{"count":3,"href":"https:\/\/www.galerialapa.com.br\/en\/wp-json\/wp\/v2\/product\/2156\/revisions"}],"predecessor-version":[{"id":4895,"href":"https:\/\/www.galerialapa.com.br\/en\/wp-json\/wp\/v2\/product\/2156\/revisions\/4895"}],"wp:featuredmedia":[{"embeddable":true,"href":"https:\/\/www.galerialapa.com.br\/en\/wp-json\/wp\/v2\/media\/2158"}],"wp:attachment":[{"href":"https:\/\/www.galerialapa.com.br\/en\/wp-json\/wp\/v2\/media?parent=2156"}],"wp:term":[{"taxonomy":"product_brand","embeddable":true,"href":"https:\/\/www.galerialapa.com.br\/en\/wp-json\/wp\/v2\/product_brand?post=2156"},{"taxonomy":"product_cat","embeddable":true,"href":"https:\/\/www.galerialapa.com.br\/en\/wp-json\/wp\/v2\/product_cat?post=2156"},{"taxonomy":"product_tag","embeddable":true,"href":"https:\/\/www.galerialapa.com.br\/en\/wp-json\/wp\/v2\/product_tag?post=2156"}],"curies":[{"name":"wp","href":"https:\/\/api.w.org\/{rel}","templated":true}]}}