{"id":2034,"date":"2020-12-15T15:29:20","date_gmt":"2020-12-15T18:29:20","guid":{"rendered":"https:\/\/www.galerialapa.com.br\/?post_type=product&#038;p=2034"},"modified":"2023-06-21T08:45:59","modified_gmt":"2023-06-21T11:45:59","slug":"lattoog-poltrona-temes","status":"publish","type":"product","link":"https:\/\/www.galerialapa.com.br\/en\/poltronas\/lattoog-poltrona-temes\/","title":{"rendered":"Lattoog &#8211; Poltrona Temes"},"content":{"rendered":"","protected":false},"excerpt":{"rendered":"<p><strong>Material: <\/strong>Estrutura de laminado prensado e curvado, suporte de a\u00e7o inox e assento em palhinha natural.<\/p>\n<p><strong>Autoria: <\/strong>\u00a0&#8211; Pedro Moog &amp; Leonardo Lattavo\u00a0 &#8211; 2009<\/p>\n<p><strong>Medidas: <\/strong><\/p>\n<p>(P): 71,00\u00a0 \u00a0 |\u00a0 \u00a0(L): 123,00\u00a0 \u00a0 |\u00a0 \u00a0(A): 90,00\u00a0 \u00a0 \u00a0 \u00a0cm<\/p>\n<p>(D): 27,95\u00a0 \u00a0|\u00a0 \u00a0(W): 48,42\u00a0 \u00a0 |\u00a0 \u00a0(H) :35,43\u00a0 \u00a0 \u00a0 \u00a0 pol<\/p>\n<p><strong>Condi\u00e7\u00e3o:<\/strong> &#8220;<em>O desenho da poltrona &#8220;Temes&#8221; nasce da fus\u00e3o de dois \u00edcones do design moderno: A cadeira de Joaquim Tenreiro\u00a0 projetada nos anos 40-50 e a \u00b4La Chaise\u00b4 de Charles and Ray Eames, feita em 1948 * &#8221; .<\/em> Em boas condi\u00e7\u00f5es, com pequen\u00edssimas marcas de uso e tempo.<\/p>\n<p>*fonte https:\/\/www.lattoog.com\/produto\/temes\/<\/p>","protected":false},"featured_media":2035,"template":"","meta":{"site-sidebar-layout":"no-sidebar","site-content-layout":"plain-container","ast-site-content-layout":"default","site-content-style":"default","site-sidebar-style":"default","ast-global-header-display":"","ast-banner-title-visibility":"","ast-main-header-display":"","ast-hfb-above-header-display":"","ast-hfb-below-header-display":"","ast-hfb-mobile-header-display":"","site-post-title":"","ast-breadcrumbs-content":"","ast-featured-img":"","footer-sml-layout":"","ast-disable-related-posts":"","theme-transparent-header-meta":"default","adv-header-id-meta":"","stick-header-meta":"","header-above-stick-meta":"","header-main-stick-meta":"","header-below-stick-meta":"","astra-migrate-meta-layouts":"default","ast-page-background-enabled":"default","ast-page-background-meta":{"desktop":{"background-color":"","background-image":"","background-repeat":"repeat","background-position":"center center","background-size":"auto","background-attachment":"scroll","background-type":"","background-media":"","overlay-type":"","overlay-color":"","overlay-opacity":"","overlay-gradient":""},"tablet":{"background-color":"","background-image":"","background-repeat":"repeat","background-position":"center center","background-size":"auto","background-attachment":"scroll","background-type":"","background-media":"","overlay-type":"","overlay-color":"","overlay-opacity":"","overlay-gradient":""},"mobile":{"background-color":"","background-image":"","background-repeat":"repeat","background-position":"center center","background-size":"auto","background-attachment":"scroll","background-type":"","background-media":"","overlay-type":"","overlay-color":"","overlay-opacity":"","overlay-gradient":""}},"ast-content-background-meta":{"desktop":{"background-color":"var(--ast-global-color-5)","background-image":"","background-repeat":"repeat","background-position":"center center","background-size":"auto","background-attachment":"scroll","background-type":"","background-media":"","overlay-type":"","overlay-color":"","overlay-opacity":"","overlay-gradient":""},"tablet":{"background-color":"var(--ast-global-color-5)","background-image":"","background-repeat":"repeat","background-position":"center center","background-size":"auto","background-attachment":"scroll","background-type":"","background-media":"","overlay-type":"","overlay-color":"","overlay-opacity":"","overlay-gradient":""},"mobile":{"background-color":"var(--ast-global-color-5)","background-image":"","background-repeat":"repeat","background-position":"center center","background-size":"auto","background-attachment":"scroll","background-type":"","background-media":"","overlay-type":"","overlay-color":"","overlay-opacity":"","overlay-gradient":""}}},"product_brand":[],"product_cat":[24],"product_tag":[],"class_list":{"0":"post-2034","1":"product","2":"type-product","3":"status-publish","4":"has-post-thumbnail","6":"product_cat-poltronas","7":"desktop-align-left","8":"tablet-align-left","9":"mobile-align-left","11":"first","12":"instock","13":"taxable","14":"shipping-taxable","15":"product-type-simple"},"_links":{"self":[{"href":"https:\/\/www.galerialapa.com.br\/en\/wp-json\/wp\/v2\/product\/2034","targetHints":{"allow":["GET"]}}],"collection":[{"href":"https:\/\/www.galerialapa.com.br\/en\/wp-json\/wp\/v2\/product"}],"about":[{"href":"https:\/\/www.galerialapa.com.br\/en\/wp-json\/wp\/v2\/types\/product"}],"version-history":[{"count":4,"href":"https:\/\/www.galerialapa.com.br\/en\/wp-json\/wp\/v2\/product\/2034\/revisions"}],"predecessor-version":[{"id":4832,"href":"https:\/\/www.galerialapa.com.br\/en\/wp-json\/wp\/v2\/product\/2034\/revisions\/4832"}],"wp:featuredmedia":[{"embeddable":true,"href":"https:\/\/www.galerialapa.com.br\/en\/wp-json\/wp\/v2\/media\/2035"}],"wp:attachment":[{"href":"https:\/\/www.galerialapa.com.br\/en\/wp-json\/wp\/v2\/media?parent=2034"}],"wp:term":[{"taxonomy":"product_brand","embeddable":true,"href":"https:\/\/www.galerialapa.com.br\/en\/wp-json\/wp\/v2\/product_brand?post=2034"},{"taxonomy":"product_cat","embeddable":true,"href":"https:\/\/www.galerialapa.com.br\/en\/wp-json\/wp\/v2\/product_cat?post=2034"},{"taxonomy":"product_tag","embeddable":true,"href":"https:\/\/www.galerialapa.com.br\/en\/wp-json\/wp\/v2\/product_tag?post=2034"}],"curies":[{"name":"wp","href":"https:\/\/api.w.org\/{rel}","templated":true}]}}