{"id":1736,"date":"2020-12-13T22:54:26","date_gmt":"2020-12-14T01:54:26","guid":{"rendered":"https:\/\/www.galerialapa.com.br\/?post_type=product&#038;p=1736"},"modified":"2023-06-22T08:42:32","modified_gmt":"2023-06-22T11:42:32","slug":"cadeira-preta-commander-jorge-zalszupin","status":"publish","type":"product","link":"https:\/\/www.galerialapa.com.br\/en\/vintage\/cadeira-preta-commander-jorge-zalszupin\/","title":{"rendered":"Poltrona Commander"},"content":{"rendered":"<p>&nbsp;<\/p>\n<p>&nbsp;<\/p>","protected":false},"excerpt":{"rendered":"<p><strong>Produto:<\/strong> Vintage. Poltrona Commander<\/p>\n<p><strong>Material: <\/strong>Fibra de vidro, couro\u00a0 e alum\u00ednio fundido<\/p>\n<p><strong>Autoria: <\/strong>Jorge Zalszupin para L&#8217;atelier &#8211; fabrica\u00e7\u00e3o circa 1970<\/p>\n<p><strong>Medidas: <\/strong><\/p>\n<p>(P): 63,00\u00a0 \u00a0 |\u00a0 \u00a0(L): 66,00\u00a0 \u00a0 |\u00a0 \u00a0(A): 80,00\u00a0 \u00a0 \u00a0 \u00a0cm<\/p>\n<p>(D): 24,80\u00a0 \u00a0|\u00a0 \u00a0(W): 25,98\u00a0 \u00a0 |\u00a0 \u00a0(H) :31,49\u00a0 \u00a0 \u00a0 \u00a0in<\/p>\n<p><strong>Condi\u00e7\u00e3o:<\/strong> Estrutura dos bra\u00e7os em alum\u00ednio fundido preso \u00e0 concha receptora em fibra de vidro\u00a0 com estofado em couro. Encontra-se em \u00f3tima condi\u00e7\u00e3o, sem avarias, com marcas de tempo e uso, possui ajuste de altura do assento.<\/p>","protected":false},"featured_media":2136,"template":"","meta":{"site-sidebar-layout":"no-sidebar","site-content-layout":"plain-container","ast-site-content-layout":"default","site-content-style":"default","site-sidebar-style":"default","ast-global-header-display":"","ast-banner-title-visibility":"","ast-main-header-display":"","ast-hfb-above-header-display":"","ast-hfb-below-header-display":"","ast-hfb-mobile-header-display":"","site-post-title":"","ast-breadcrumbs-content":"","ast-featured-img":"","footer-sml-layout":"","ast-disable-related-posts":"","theme-transparent-header-meta":"default","adv-header-id-meta":"","stick-header-meta":"","header-above-stick-meta":"","header-main-stick-meta":"","header-below-stick-meta":"","astra-migrate-meta-layouts":"default","ast-page-background-enabled":"default","ast-page-background-meta":{"desktop":{"background-color":"","background-image":"","background-repeat":"repeat","background-position":"center center","background-size":"auto","background-attachment":"scroll","background-type":"","background-media":"","overlay-type":"","overlay-color":"","overlay-opacity":"","overlay-gradient":""},"tablet":{"background-color":"","background-image":"","background-repeat":"repeat","background-position":"center center","background-size":"auto","background-attachment":"scroll","background-type":"","background-media":"","overlay-type":"","overlay-color":"","overlay-opacity":"","overlay-gradient":""},"mobile":{"background-color":"","background-image":"","background-repeat":"repeat","background-position":"center center","background-size":"auto","background-attachment":"scroll","background-type":"","background-media":"","overlay-type":"","overlay-color":"","overlay-opacity":"","overlay-gradient":""}},"ast-content-background-meta":{"desktop":{"background-color":"var(--ast-global-color-5)","background-image":"","background-repeat":"repeat","background-position":"center center","background-size":"auto","background-attachment":"scroll","background-type":"","background-media":"","overlay-type":"","overlay-color":"","overlay-opacity":"","overlay-gradient":""},"tablet":{"background-color":"var(--ast-global-color-5)","background-image":"","background-repeat":"repeat","background-position":"center center","background-size":"auto","background-attachment":"scroll","background-type":"","background-media":"","overlay-type":"","overlay-color":"","overlay-opacity":"","overlay-gradient":""},"mobile":{"background-color":"var(--ast-global-color-5)","background-image":"","background-repeat":"repeat","background-position":"center center","background-size":"auto","background-attachment":"scroll","background-type":"","background-media":"","overlay-type":"","overlay-color":"","overlay-opacity":"","overlay-gradient":""}}},"product_brand":[],"product_cat":[69,24,74],"product_tag":[],"class_list":{"0":"post-1736","1":"product","2":"type-product","3":"status-publish","4":"has-post-thumbnail","6":"product_cat-moveis","7":"product_cat-poltronas","8":"product_cat-vintage","9":"desktop-align-left","10":"tablet-align-left","11":"mobile-align-left","13":"first","14":"instock","15":"taxable","16":"shipping-taxable","17":"product-type-simple"},"_links":{"self":[{"href":"https:\/\/www.galerialapa.com.br\/en\/wp-json\/wp\/v2\/product\/1736","targetHints":{"allow":["GET"]}}],"collection":[{"href":"https:\/\/www.galerialapa.com.br\/en\/wp-json\/wp\/v2\/product"}],"about":[{"href":"https:\/\/www.galerialapa.com.br\/en\/wp-json\/wp\/v2\/types\/product"}],"version-history":[{"count":12,"href":"https:\/\/www.galerialapa.com.br\/en\/wp-json\/wp\/v2\/product\/1736\/revisions"}],"predecessor-version":[{"id":4893,"href":"https:\/\/www.galerialapa.com.br\/en\/wp-json\/wp\/v2\/product\/1736\/revisions\/4893"}],"wp:featuredmedia":[{"embeddable":true,"href":"https:\/\/www.galerialapa.com.br\/en\/wp-json\/wp\/v2\/media\/2136"}],"wp:attachment":[{"href":"https:\/\/www.galerialapa.com.br\/en\/wp-json\/wp\/v2\/media?parent=1736"}],"wp:term":[{"taxonomy":"product_brand","embeddable":true,"href":"https:\/\/www.galerialapa.com.br\/en\/wp-json\/wp\/v2\/product_brand?post=1736"},{"taxonomy":"product_cat","embeddable":true,"href":"https:\/\/www.galerialapa.com.br\/en\/wp-json\/wp\/v2\/product_cat?post=1736"},{"taxonomy":"product_tag","embeddable":true,"href":"https:\/\/www.galerialapa.com.br\/en\/wp-json\/wp\/v2\/product_tag?post=1736"}],"curies":[{"name":"wp","href":"https:\/\/api.w.org\/{rel}","templated":true}]}}