{"id":1694,"date":"2020-12-13T14:37:10","date_gmt":"2020-12-13T17:37:10","guid":{"rendered":"https:\/\/www.galerialapa.com.br\/?post_type=product&#038;p=1694"},"modified":"2023-06-22T08:38:20","modified_gmt":"2023-06-22T11:38:20","slug":"mesa-lateral-jean-gillon","status":"publish","type":"product","link":"https:\/\/www.galerialapa.com.br\/en\/vintage\/mesa-lateral-jean-gillon\/","title":{"rendered":"Jean Gillon &#8211; mesa Lateral"},"content":{"rendered":"","protected":false},"excerpt":{"rendered":"<p>Par de mesas laterais Jean Gillon para Probel em imbuia maci\u00e7a anos 70.<\/p>\n<p><strong>Produto:<\/strong> Vintage<\/p>\n<p><strong>Material: <\/strong>Madeira Imbuia<\/p>\n<p><strong>Autoria: <\/strong>Jean Gillon para Probel<\/p>\n<p><strong>Medidas: <\/strong><\/p>\n<p>(P): 60,00\u00a0 \u00a0 |\u00a0 \u00a0(L): 60,00\u00a0 \u00a0 |\u00a0 \u00a0(A): 37,00\u00a0 \u00a0 \u00a0 \u00a0cm<\/p>\n<p>(D): 23,62\u00a0 |\u00a0 \u00a0(W): 23,62\u00a0 \u00a0|\u00a0 \u00a0(H) : 14,57\u00a0 \u00a0 \u00a0 \u00a0pol<\/p>\n<p><strong>Condi\u00e7\u00e3o:<\/strong> Mesa estruturada por encaixes,\u00a0 fabricado em madeira Imbuia, maci\u00e7a,\u00a0 em \u00f3timo estado de conserva\u00e7\u00e3o, sem avarias e com marcas de uso e tempo. Acabamento de lustra\u00e7\u00e3o a escolha do comprador.<\/p>","protected":false},"featured_media":2019,"template":"","meta":{"site-sidebar-layout":"no-sidebar","site-content-layout":"plain-container","ast-site-content-layout":"default","site-content-style":"default","site-sidebar-style":"default","ast-global-header-display":"","ast-banner-title-visibility":"","ast-main-header-display":"","ast-hfb-above-header-display":"","ast-hfb-below-header-display":"","ast-hfb-mobile-header-display":"","site-post-title":"","ast-breadcrumbs-content":"","ast-featured-img":"","footer-sml-layout":"","ast-disable-related-posts":"","theme-transparent-header-meta":"default","adv-header-id-meta":"","stick-header-meta":"","header-above-stick-meta":"","header-main-stick-meta":"","header-below-stick-meta":"","astra-migrate-meta-layouts":"default","ast-page-background-enabled":"default","ast-page-background-meta":{"desktop":{"background-color":"","background-image":"","background-repeat":"repeat","background-position":"center center","background-size":"auto","background-attachment":"scroll","background-type":"","background-media":"","overlay-type":"","overlay-color":"","overlay-opacity":"","overlay-gradient":""},"tablet":{"background-color":"","background-image":"","background-repeat":"repeat","background-position":"center center","background-size":"auto","background-attachment":"scroll","background-type":"","background-media":"","overlay-type":"","overlay-color":"","overlay-opacity":"","overlay-gradient":""},"mobile":{"background-color":"","background-image":"","background-repeat":"repeat","background-position":"center center","background-size":"auto","background-attachment":"scroll","background-type":"","background-media":"","overlay-type":"","overlay-color":"","overlay-opacity":"","overlay-gradient":""}},"ast-content-background-meta":{"desktop":{"background-color":"var(--ast-global-color-5)","background-image":"","background-repeat":"repeat","background-position":"center center","background-size":"auto","background-attachment":"scroll","background-type":"","background-media":"","overlay-type":"","overlay-color":"","overlay-opacity":"","overlay-gradient":""},"tablet":{"background-color":"var(--ast-global-color-5)","background-image":"","background-repeat":"repeat","background-position":"center center","background-size":"auto","background-attachment":"scroll","background-type":"","background-media":"","overlay-type":"","overlay-color":"","overlay-opacity":"","overlay-gradient":""},"mobile":{"background-color":"var(--ast-global-color-5)","background-image":"","background-repeat":"repeat","background-position":"center center","background-size":"auto","background-attachment":"scroll","background-type":"","background-media":"","overlay-type":"","overlay-color":"","overlay-opacity":"","overlay-gradient":""}}},"product_brand":[],"product_cat":[69,27,74],"product_tag":[],"class_list":{"0":"post-1694","1":"product","2":"type-product","3":"status-publish","4":"has-post-thumbnail","6":"product_cat-moveis","7":"product_cat-mesas","8":"product_cat-vintage","9":"desktop-align-left","10":"tablet-align-left","11":"mobile-align-left","13":"first","14":"instock","15":"taxable","16":"shipping-taxable","17":"product-type-simple"},"_links":{"self":[{"href":"https:\/\/www.galerialapa.com.br\/en\/wp-json\/wp\/v2\/product\/1694","targetHints":{"allow":["GET"]}}],"collection":[{"href":"https:\/\/www.galerialapa.com.br\/en\/wp-json\/wp\/v2\/product"}],"about":[{"href":"https:\/\/www.galerialapa.com.br\/en\/wp-json\/wp\/v2\/types\/product"}],"version-history":[{"count":6,"href":"https:\/\/www.galerialapa.com.br\/en\/wp-json\/wp\/v2\/product\/1694\/revisions"}],"predecessor-version":[{"id":2232,"href":"https:\/\/www.galerialapa.com.br\/en\/wp-json\/wp\/v2\/product\/1694\/revisions\/2232"}],"wp:featuredmedia":[{"embeddable":true,"href":"https:\/\/www.galerialapa.com.br\/en\/wp-json\/wp\/v2\/media\/2019"}],"wp:attachment":[{"href":"https:\/\/www.galerialapa.com.br\/en\/wp-json\/wp\/v2\/media?parent=1694"}],"wp:term":[{"taxonomy":"product_brand","embeddable":true,"href":"https:\/\/www.galerialapa.com.br\/en\/wp-json\/wp\/v2\/product_brand?post=1694"},{"taxonomy":"product_cat","embeddable":true,"href":"https:\/\/www.galerialapa.com.br\/en\/wp-json\/wp\/v2\/product_cat?post=1694"},{"taxonomy":"product_tag","embeddable":true,"href":"https:\/\/www.galerialapa.com.br\/en\/wp-json\/wp\/v2\/product_tag?post=1694"}],"curies":[{"name":"wp","href":"https:\/\/api.w.org\/{rel}","templated":true}]}}