{"id":1653,"date":"2020-12-13T12:11:39","date_gmt":"2020-12-13T15:11:39","guid":{"rendered":"https:\/\/www.galerialapa.com.br\/?post_type=product&#038;p=1653"},"modified":"2023-06-22T08:38:27","modified_gmt":"2023-06-22T11:38:27","slug":"poltrona-atribuida-a-lina-bo-bardi","status":"publish","type":"product","link":"https:\/\/www.galerialapa.com.br\/en\/poltronas\/poltrona-atribuida-a-lina-bo-bardi\/","title":{"rendered":"Poltrona com bra\u00e7o"},"content":{"rendered":"","protected":false},"excerpt":{"rendered":"<p><strong>Produto:<\/strong> Vintage, circa 1950<\/p>\n<p><strong>Material: <\/strong>madeira de lei<\/p>\n<p><strong>Autoria: <\/strong>atribu\u00eddo Lina Bo Bardi<\/p>\n<p><strong>Medidas: <\/strong><\/p>\n<p>(P): 68,00\u00a0 \u00a0 |\u00a0 \u00a0(L): 63,00\u00a0 \u00a0 |\u00a0 \u00a0(A): 75,00\u00a0 \u00a0 \u00a0 \u00a0cm<\/p>\n<p>(D): 26,77\u00a0 \u00a0 |\u00a0 \u00a0(W): 24,80\u00a0 \u00a0 |\u00a0 \u00a0(H): 29,52\u00a0 \u00a0 \u00a0 \u00a0pol<\/p>\n<p><strong>Condi\u00e7\u00e3o:<\/strong>\u00a0 Suas formas foram consideradas futuristas e inovadoras para a \u00e9poca, possivelmente inspiradas no design europeu, apesar de\u00a0 pequena \u00e9 aconchegante. Ideal para qualquer ambiente. Fabricada em madeira de lei , os p\u00e9s em forma de L em composi\u00e7\u00e3o com o assento e encosto levemente angulados entre si\u00a0 resultou nessa forma harm\u00f4nica. Para quem gosta de uma leitura,\u00a0 os bra\u00e7os proporcionam conforto inigual\u00e1vel,\u00a0 \u00a0al\u00e9m de\u00a0 auxiliar no apoio para levantar.\u00a0 \u00a0Produto com marcas de uso e tempo. Necessita restaura\u00e7\u00e3o e nova lustra\u00e7\u00e3o<\/p>\n<p>&nbsp;<\/p>","protected":false},"featured_media":1658,"template":"","meta":{"site-sidebar-layout":"no-sidebar","site-content-layout":"plain-container","ast-site-content-layout":"default","site-content-style":"default","site-sidebar-style":"default","ast-global-header-display":"","ast-banner-title-visibility":"","ast-main-header-display":"","ast-hfb-above-header-display":"","ast-hfb-below-header-display":"","ast-hfb-mobile-header-display":"","site-post-title":"","ast-breadcrumbs-content":"","ast-featured-img":"","footer-sml-layout":"","ast-disable-related-posts":"","theme-transparent-header-meta":"default","adv-header-id-meta":"","stick-header-meta":"","header-above-stick-meta":"","header-main-stick-meta":"","header-below-stick-meta":"","astra-migrate-meta-layouts":"default","ast-page-background-enabled":"default","ast-page-background-meta":{"desktop":{"background-color":"","background-image":"","background-repeat":"repeat","background-position":"center center","background-size":"auto","background-attachment":"scroll","background-type":"","background-media":"","overlay-type":"","overlay-color":"","overlay-opacity":"","overlay-gradient":""},"tablet":{"background-color":"","background-image":"","background-repeat":"repeat","background-position":"center center","background-size":"auto","background-attachment":"scroll","background-type":"","background-media":"","overlay-type":"","overlay-color":"","overlay-opacity":"","overlay-gradient":""},"mobile":{"background-color":"","background-image":"","background-repeat":"repeat","background-position":"center center","background-size":"auto","background-attachment":"scroll","background-type":"","background-media":"","overlay-type":"","overlay-color":"","overlay-opacity":"","overlay-gradient":""}},"ast-content-background-meta":{"desktop":{"background-color":"var(--ast-global-color-5)","background-image":"","background-repeat":"repeat","background-position":"center center","background-size":"auto","background-attachment":"scroll","background-type":"","background-media":"","overlay-type":"","overlay-color":"","overlay-opacity":"","overlay-gradient":""},"tablet":{"background-color":"var(--ast-global-color-5)","background-image":"","background-repeat":"repeat","background-position":"center center","background-size":"auto","background-attachment":"scroll","background-type":"","background-media":"","overlay-type":"","overlay-color":"","overlay-opacity":"","overlay-gradient":""},"mobile":{"background-color":"var(--ast-global-color-5)","background-image":"","background-repeat":"repeat","background-position":"center center","background-size":"auto","background-attachment":"scroll","background-type":"","background-media":"","overlay-type":"","overlay-color":"","overlay-opacity":"","overlay-gradient":""}}},"product_brand":[],"product_cat":[24],"product_tag":[],"class_list":{"0":"post-1653","1":"product","2":"type-product","3":"status-publish","4":"has-post-thumbnail","6":"product_cat-poltronas","7":"desktop-align-left","8":"tablet-align-left","9":"mobile-align-left","11":"first","12":"instock","13":"taxable","14":"shipping-taxable","15":"product-type-simple"},"_links":{"self":[{"href":"https:\/\/www.galerialapa.com.br\/en\/wp-json\/wp\/v2\/product\/1653","targetHints":{"allow":["GET"]}}],"collection":[{"href":"https:\/\/www.galerialapa.com.br\/en\/wp-json\/wp\/v2\/product"}],"about":[{"href":"https:\/\/www.galerialapa.com.br\/en\/wp-json\/wp\/v2\/types\/product"}],"version-history":[{"count":8,"href":"https:\/\/www.galerialapa.com.br\/en\/wp-json\/wp\/v2\/product\/1653\/revisions"}],"predecessor-version":[{"id":2033,"href":"https:\/\/www.galerialapa.com.br\/en\/wp-json\/wp\/v2\/product\/1653\/revisions\/2033"}],"wp:featuredmedia":[{"embeddable":true,"href":"https:\/\/www.galerialapa.com.br\/en\/wp-json\/wp\/v2\/media\/1658"}],"wp:attachment":[{"href":"https:\/\/www.galerialapa.com.br\/en\/wp-json\/wp\/v2\/media?parent=1653"}],"wp:term":[{"taxonomy":"product_brand","embeddable":true,"href":"https:\/\/www.galerialapa.com.br\/en\/wp-json\/wp\/v2\/product_brand?post=1653"},{"taxonomy":"product_cat","embeddable":true,"href":"https:\/\/www.galerialapa.com.br\/en\/wp-json\/wp\/v2\/product_cat?post=1653"},{"taxonomy":"product_tag","embeddable":true,"href":"https:\/\/www.galerialapa.com.br\/en\/wp-json\/wp\/v2\/product_tag?post=1653"}],"curies":[{"name":"wp","href":"https:\/\/api.w.org\/{rel}","templated":true}]}}