{"id":2421,"date":"2020-12-21T14:27:02","date_gmt":"2020-12-21T17:27:02","guid":{"rendered":"https:\/\/www.galerialapa.com.br\/?page_id=2421"},"modified":"2020-12-21T15:16:55","modified_gmt":"2020-12-21T18:16:55","slug":"blog","status":"publish","type":"page","link":"https:\/\/www.galerialapa.com.br\/en\/blog\/","title":{"rendered":"Blog"},"content":{"rendered":"<div data-elementor-type=\"wp-page\" data-elementor-id=\"2421\" class=\"elementor elementor-2421\" data-elementor-post-type=\"page\">\n\t\t\t\t\t\t<section class=\"elementor-section elementor-top-section elementor-element elementor-element-49d4677c elementor-section-boxed elementor-section-height-default elementor-section-height-default\" data-id=\"49d4677c\" data-element_type=\"section\" data-e-type=\"section\">\n\t\t\t\t\t\t<div class=\"elementor-container elementor-column-gap-default\">\n\t\t\t\t\t<div class=\"elementor-column elementor-col-50 elementor-top-column elementor-element elementor-element-35f0890b\" data-id=\"35f0890b\" data-element_type=\"column\" data-e-type=\"column\">\n\t\t\t<div class=\"elementor-widget-wrap elementor-element-populated\">\n\t\t\t\t\t\t<div class=\"elementor-element elementor-element-68fa3f16 elementor-widget elementor-widget-heading\" data-id=\"68fa3f16\" data-element_type=\"widget\" data-e-type=\"widget\" data-widget_type=\"heading.default\">\n\t\t\t\t<div class=\"elementor-widget-container\">\n\t\t\t\t\t<h2 class=\"elementor-heading-title elementor-size-default\">ARTIGOS E NOVIDADES<\/h2>\t\t\t\t<\/div>\n\t\t\t\t<\/div>\n\t\t\t\t\t<\/div>\n\t\t<\/div>\n\t\t\t\t<div class=\"elementor-column elementor-col-50 elementor-top-column elementor-element elementor-element-7c5677d\" data-id=\"7c5677d\" data-element_type=\"column\" data-e-type=\"column\">\n\t\t\t<div class=\"elementor-widget-wrap\">\n\t\t\t\t\t\t\t<\/div>\n\t\t<\/div>\n\t\t\t\t\t<\/div>\n\t\t<\/section>\n\t\t\t\t<section class=\"elementor-section elementor-top-section elementor-element elementor-element-fdaa9aa elementor-section-boxed elementor-section-height-default elementor-section-height-default\" data-id=\"fdaa9aa\" data-element_type=\"section\" data-e-type=\"section\">\n\t\t\t\t\t\t<div class=\"elementor-container elementor-column-gap-default\">\n\t\t\t\t\t<div class=\"elementor-column elementor-col-100 elementor-top-column elementor-element elementor-element-5cce3bdd\" data-id=\"5cce3bdd\" data-element_type=\"column\" data-e-type=\"column\">\n\t\t\t<div class=\"elementor-widget-wrap elementor-element-populated\">\n\t\t\t\t\t\t<div class=\"elementor-element elementor-element-12ef3c52 elementor-grid-2 elementor-posts--thumbnail-right elementor-posts--align-left elementor-grid-tablet-1 elementor-grid-mobile-1 elementor-widget elementor-widget-posts\" data-id=\"12ef3c52\" data-element_type=\"widget\" data-e-type=\"widget\" data-settings=\"{&quot;classic_columns&quot;:&quot;2&quot;,&quot;classic_row_gap&quot;:{&quot;unit&quot;:&quot;px&quot;,&quot;size&quot;:&quot;60&quot;,&quot;sizes&quot;:[]},&quot;classic_columns_tablet&quot;:&quot;1&quot;,&quot;classic_columns_mobile&quot;:&quot;1&quot;,&quot;classic_row_gap_tablet&quot;:{&quot;unit&quot;:&quot;px&quot;,&quot;size&quot;:&quot;&quot;,&quot;sizes&quot;:[]},&quot;classic_row_gap_mobile&quot;:{&quot;unit&quot;:&quot;px&quot;,&quot;size&quot;:&quot;&quot;,&quot;sizes&quot;:[]}}\" data-widget_type=\"posts.classic\">\n\t\t\t\t<div class=\"elementor-widget-container\">\n\t\t\t\t\t\t\t<div class=\"elementor-posts-container elementor-posts elementor-posts--skin-classic elementor-grid\">\n\t\t\t\t<article class=\"elementor-post elementor-grid-item post-4699 post type-post status-publish format-gallery hentry category-eventos post_format-post-format-gallery\">\n\t\t\t\t<div class=\"elementor-post__text\">\n\t\t\t\t<h3 class=\"elementor-post__title\">\n\t\t\t<a href=\"https:\/\/www.galerialapa.com.br\/en\/pinacoteca-edificio-pina-luz\/\" >\n\t\t\t\tPinacoteca- EDIF\u00cdCIO PINA LUZ\t\t\t<\/a>\n\t\t<\/h3>\n\t\t\t\t<div class=\"elementor-post__meta-data\">\n\t\t\t\t\t<span class=\"elementor-post-date\">\n\t\t\t2 de May de 2023\t\t<\/span>\n\t\t\t\t<\/div>\n\t\t\t\t<div class=\"elementor-post__excerpt\">\n\t\t\t<p>Data In\u00edcio 19 de junho de 2021 &#8211; Data T\u00e9rmino 29 de maio de 2023 Essa exposi\u00e7\u00e3o foi&nbsp;concebida a partir de uma \u00fanica pe\u00e7a do<\/p>\n\t\t<\/div>\n\t\t\t\t<\/div>\n\t\t\t\t<\/article>\n\t\t\t\t<article class=\"elementor-post elementor-grid-item post-4680 post type-post status-publish format-standard has-post-thumbnail hentry category-idea\">\n\t\t\t\t<a class=\"elementor-post__thumbnail__link\" href=\"https:\/\/www.galerialapa.com.br\/en\/designers-criadores\/\" tabindex=\"-1\" >\n\t\t\t<div class=\"elementor-post__thumbnail\"><img fetchpriority=\"high\" decoding=\"async\" width=\"1080\" height=\"1080\" src=\"https:\/\/www.galerialapa.com.br\/wp-content\/uploads\/2023\/05\/Post-para-instagram-de-imobiliaria-moderno-branco-e-vermelho-2.png\" class=\"attachment-full size-full wp-image-4697\" alt=\"\" srcset=\"https:\/\/www.galerialapa.com.br\/wp-content\/uploads\/2023\/05\/Post-para-instagram-de-imobiliaria-moderno-branco-e-vermelho-2.png 1080w, https:\/\/www.galerialapa.com.br\/wp-content\/uploads\/2023\/05\/Post-para-instagram-de-imobiliaria-moderno-branco-e-vermelho-2-300x300.png 300w, https:\/\/www.galerialapa.com.br\/wp-content\/uploads\/2023\/05\/Post-para-instagram-de-imobiliaria-moderno-branco-e-vermelho-2-1024x1024.png 1024w, https:\/\/www.galerialapa.com.br\/wp-content\/uploads\/2023\/05\/Post-para-instagram-de-imobiliaria-moderno-branco-e-vermelho-2-150x150.png 150w, https:\/\/www.galerialapa.com.br\/wp-content\/uploads\/2023\/05\/Post-para-instagram-de-imobiliaria-moderno-branco-e-vermelho-2-768x768.png 768w, https:\/\/www.galerialapa.com.br\/wp-content\/uploads\/2023\/05\/Post-para-instagram-de-imobiliaria-moderno-branco-e-vermelho-2-12x12.png 12w, https:\/\/www.galerialapa.com.br\/wp-content\/uploads\/2023\/05\/Post-para-instagram-de-imobiliaria-moderno-branco-e-vermelho-2-100x100.png 100w\" sizes=\"(max-width: 1080px) 100vw, 1080px\" \/><\/div>\n\t\t<\/a>\n\t\t\t\t<div class=\"elementor-post__text\">\n\t\t\t\t<h3 class=\"elementor-post__title\">\n\t\t\t<a href=\"https:\/\/www.galerialapa.com.br\/en\/designers-criadores\/\" >\n\t\t\t\tdesigner | criador | artista\t\t\t<\/a>\n\t\t<\/h3>\n\t\t\t\t<div class=\"elementor-post__meta-data\">\n\t\t\t\t\t<span class=\"elementor-post-date\">\n\t\t\t1 de May de 2023\t\t<\/span>\n\t\t\t\t<\/div>\n\t\t\t\t<div class=\"elementor-post__excerpt\">\n\t\t\t\t\t<\/div>\n\t\t\t\t<\/div>\n\t\t\t\t<\/article>\n\t\t\t\t<article class=\"elementor-post elementor-grid-item post-2483 post type-post status-publish format-standard has-post-thumbnail hentry category-sem-categoria tag-galerialapa-2 tag-arquivo tag-museu\">\n\t\t\t\t<a class=\"elementor-post__thumbnail__link\" href=\"https:\/\/www.galerialapa.com.br\/en\/ja-ouviu-falar-no-arquivo-publico-do-estado-de-sao-paulo\/\" tabindex=\"-1\" >\n\t\t\t<div class=\"elementor-post__thumbnail\"><img decoding=\"async\" width=\"1481\" height=\"828\" src=\"https:\/\/www.galerialapa.com.br\/wp-content\/uploads\/2020\/12\/arquivi.jpg\" class=\"attachment-full size-full wp-image-2485\" alt=\"\" srcset=\"https:\/\/www.galerialapa.com.br\/wp-content\/uploads\/2020\/12\/arquivi.jpg 1481w, https:\/\/www.galerialapa.com.br\/wp-content\/uploads\/2020\/12\/arquivi-300x168.jpg 300w, https:\/\/www.galerialapa.com.br\/wp-content\/uploads\/2020\/12\/arquivi-1024x572.jpg 1024w, https:\/\/www.galerialapa.com.br\/wp-content\/uploads\/2020\/12\/arquivi-768x429.jpg 768w, https:\/\/www.galerialapa.com.br\/wp-content\/uploads\/2020\/12\/arquivi-16x9.jpg 16w\" sizes=\"(max-width: 1481px) 100vw, 1481px\" \/><\/div>\n\t\t<\/a>\n\t\t\t\t<div class=\"elementor-post__text\">\n\t\t\t\t<h3 class=\"elementor-post__title\">\n\t\t\t<a href=\"https:\/\/www.galerialapa.com.br\/en\/ja-ouviu-falar-no-arquivo-publico-do-estado-de-sao-paulo\/\" >\n\t\t\t\tJ\u00e1 ouviu falar do Arquivo P\u00fablico do Estado de S\u00e3o Paulo?\t\t\t<\/a>\n\t\t<\/h3>\n\t\t\t\t<div class=\"elementor-post__meta-data\">\n\t\t\t\t\t<span class=\"elementor-post-date\">\n\t\t\t25 de December de 2020\t\t<\/span>\n\t\t\t\t<\/div>\n\t\t\t\t<div class=\"elementor-post__excerpt\">\n\t\t\t<p>N\u00e3o? Ele est\u00e1 localizado na Rua Volunt\u00e1rios da P\u00e1tria, 596 , Bairro Santana ( ao lado da Esta\u00e7\u00e3o Portuguesa- Tiete do Metr\u00f4). Foi criado em<\/p>\n\t\t<\/div>\n\t\t\t\t<\/div>\n\t\t\t\t<\/article>\n\t\t\t\t<\/div>\n\t\t\n\t\t\t\t\t\t<\/div>\n\t\t\t\t<\/div>\n\t\t\t\t<div class=\"elementor-element elementor-element-69fbc3a elementor-widget elementor-widget-spacer\" data-id=\"69fbc3a\" data-element_type=\"widget\" data-e-type=\"widget\" data-widget_type=\"spacer.default\">\n\t\t\t\t<div class=\"elementor-widget-container\">\n\t\t\t\t\t\t\t<div class=\"elementor-spacer\">\n\t\t\t<div class=\"elementor-spacer-inner\"><\/div>\n\t\t<\/div>\n\t\t\t\t\t\t<\/div>\n\t\t\t\t<\/div>\n\t\t\t\t\t<\/div>\n\t\t<\/div>\n\t\t\t\t\t<\/div>\n\t\t<\/section>\n\t\t\t\t<\/div>","protected":false},"excerpt":{"rendered":"<p>ARTIGOS E NOVIDADES<\/p>","protected":false},"author":1,"featured_media":0,"parent":0,"menu_order":0,"comment_status":"closed","ping_status":"closed","template":"","meta":{"site-sidebar-layout":"no-sidebar","site-content-layout":"page-builder","ast-site-content-layout":"default","site-content-style":"default","site-sidebar-style":"default","ast-global-header-display":"","ast-banner-title-visibility":"","ast-main-header-display":"","ast-hfb-above-header-display":"","ast-hfb-below-header-display":"","ast-hfb-mobile-header-display":"","site-post-title":"disabled","ast-breadcrumbs-content":"","ast-featured-img":"disabled","footer-sml-layout":"","ast-disable-related-posts":"","theme-transparent-header-meta":"default","adv-header-id-meta":"","stick-header-meta":"","header-above-stick-meta":"","header-main-stick-meta":"","header-below-stick-meta":"","astra-migrate-meta-layouts":"default","ast-page-background-enabled":"default","ast-page-background-meta":{"desktop":{"background-color":"","background-image":"","background-repeat":"repeat","background-position":"center center","background-size":"auto","background-attachment":"scroll","background-type":"","background-media":"","overlay-type":"","overlay-color":"","overlay-opacity":"","overlay-gradient":""},"tablet":{"background-color":"","background-image":"","background-repeat":"repeat","background-position":"center center","background-size":"auto","background-attachment":"scroll","background-type":"","background-media":"","overlay-type":"","overlay-color":"","overlay-opacity":"","overlay-gradient":""},"mobile":{"background-color":"","background-image":"","background-repeat":"repeat","background-position":"center center","background-size":"auto","background-attachment":"scroll","background-type":"","background-media":"","overlay-type":"","overlay-color":"","overlay-opacity":"","overlay-gradient":""}},"ast-content-background-meta":{"desktop":{"background-color":"var(--ast-global-color-5)","background-image":"","background-repeat":"repeat","background-position":"center center","background-size":"auto","background-attachment":"scroll","background-type":"","background-media":"","overlay-type":"","overlay-color":"","overlay-opacity":"","overlay-gradient":""},"tablet":{"background-color":"var(--ast-global-color-5)","background-image":"","background-repeat":"repeat","background-position":"center center","background-size":"auto","background-attachment":"scroll","background-type":"","background-media":"","overlay-type":"","overlay-color":"","overlay-opacity":"","overlay-gradient":""},"mobile":{"background-color":"var(--ast-global-color-5)","background-image":"","background-repeat":"repeat","background-position":"center center","background-size":"auto","background-attachment":"scroll","background-type":"","background-media":"","overlay-type":"","overlay-color":"","overlay-opacity":"","overlay-gradient":""}},"footnotes":""},"class_list":["post-2421","page","type-page","status-publish","hentry"],"_links":{"self":[{"href":"https:\/\/www.galerialapa.com.br\/en\/wp-json\/wp\/v2\/pages\/2421","targetHints":{"allow":["GET"]}}],"collection":[{"href":"https:\/\/www.galerialapa.com.br\/en\/wp-json\/wp\/v2\/pages"}],"about":[{"href":"https:\/\/www.galerialapa.com.br\/en\/wp-json\/wp\/v2\/types\/page"}],"author":[{"embeddable":true,"href":"https:\/\/www.galerialapa.com.br\/en\/wp-json\/wp\/v2\/users\/1"}],"replies":[{"embeddable":true,"href":"https:\/\/www.galerialapa.com.br\/en\/wp-json\/wp\/v2\/comments?post=2421"}],"version-history":[{"count":19,"href":"https:\/\/www.galerialapa.com.br\/en\/wp-json\/wp\/v2\/pages\/2421\/revisions"}],"predecessor-version":[{"id":2462,"href":"https:\/\/www.galerialapa.com.br\/en\/wp-json\/wp\/v2\/pages\/2421\/revisions\/2462"}],"wp:attachment":[{"href":"https:\/\/www.galerialapa.com.br\/en\/wp-json\/wp\/v2\/media?parent=2421"}],"curies":[{"name":"wp","href":"https:\/\/api.w.org\/{rel}","templated":true}]}}